{"id":11772,"date":"2024-12-19T08:48:54","date_gmt":"2024-12-19T08:48:54","guid":{"rendered":"https:\/\/chattycandles.ch\/product\/du-bist-nicht-nur-der-hammer-sondern-der-ganze-werkzeugkasten\/"},"modified":"2024-12-19T08:48:54","modified_gmt":"2024-12-19T08:48:54","slug":"du-bist-nicht-nur-der-hammer-sondern-der-ganze-werkzeugkasten","status":"publish","type":"product","link":"https:\/\/chattycandles.ch\/en\/product\/du-bist-nicht-nur-der-hammer-sondern-der-ganze-werkzeugkasten\/","title":{"rendered":"Du bist nicht nur der Hammer, sondern der ganze Werkzeugkasten"},"content":{"rendered":"","protected":false},"excerpt":{"rendered":"<p>Handgegossene Soja- und Kokoswachs-Kerze f\u00fcr deinen ganz besonderen Anlass &#8211; f\u00fcr dich oder zum Verschenken. Diese Kerze kommt in einer h\u00fcbschen, geschenkfertigen Box und brennt \u00fcber 55 Stunden lang. W\u00e4hle deinen Lieblingsduft oder designe die Botschaft ganz nach deinen W\u00fcnschen.<\/p>\n","protected":false},"featured_media":11333,"comment_status":"open","ping_status":"closed","template":"","meta":[],"product_brand":[],"product_cat":[48,80,135,149],"product_tag":[],"class_list":{"0":"post-11772","1":"product","2":"type-product","3":"status-publish","4":"has-post-thumbnail","6":"product_cat-friendship","7":"product_cat-love","8":"product_cat-bester-freund-en","9":"product_cat-partner","11":"first","12":"instock","13":"taxable","14":"shipping-taxable","15":"purchasable","16":"product-type-variable"},"yoast_head":"<!-- This site is optimized with the Yoast SEO plugin v24.8 - https:\/\/yoast.com\/wordpress\/plugins\/seo\/ -->\n<title>Du bist nicht nur der Hammer, sondern der ganze Werkzeugkasten - ChattyCandles.ch<\/title>\n<meta name=\"robots\" content=\"index, follow, max-snippet:-1, max-image-preview:large, max-video-preview:-1\" \/>\n<link rel=\"canonical\" href=\"https:\/\/chattycandles.ch\/en\/product\/du-bist-nicht-nur-der-hammer-sondern-der-ganze-werkzeugkasten\/\" \/>\n<meta property=\"og:locale\" content=\"en_US\" \/>\n<meta property=\"og:type\" content=\"article\" \/>\n<meta property=\"og:title\" content=\"Du bist nicht nur der Hammer, sondern der ganze Werkzeugkasten - ChattyCandles.ch\" \/>\n<meta property=\"og:description\" content=\"Handgegossene Soja- und Kokoswachs-Kerze f\u00fcr deinen ganz besonderen Anlass - f\u00fcr dich oder zum Verschenken. Diese Kerze kommt in einer h\u00fcbschen, geschenkfertigen Box und brennt \u00fcber 55 Stunden lang. W\u00e4hle deinen Lieblingsduft oder designe die Botschaft ganz nach deinen W\u00fcnschen.\" \/>\n<meta property=\"og:url\" content=\"https:\/\/chattycandles.ch\/en\/product\/du-bist-nicht-nur-der-hammer-sondern-der-ganze-werkzeugkasten\/\" \/>\n<meta property=\"og:site_name\" content=\"ChattyCandles.ch\" \/>\n<meta name=\"twitter:card\" content=\"summary_large_image\" \/>\n<script type=\"application\/ld+json\" class=\"yoast-schema-graph\">{\"@context\":\"https:\/\/schema.org\",\"@graph\":[{\"@type\":\"WebPage\",\"@id\":\"https:\/\/chattycandles.ch\/en\/product\/du-bist-nicht-nur-der-hammer-sondern-der-ganze-werkzeugkasten\/\",\"url\":\"https:\/\/chattycandles.ch\/en\/product\/du-bist-nicht-nur-der-hammer-sondern-der-ganze-werkzeugkasten\/\",\"name\":\"Du bist nicht nur der Hammer, sondern der ganze Werkzeugkasten - ChattyCandles.ch\",\"isPartOf\":{\"@id\":\"https:\/\/chattycandles.ch\/#website\"},\"primaryImageOfPage\":{\"@id\":\"https:\/\/chattycandles.ch\/en\/product\/du-bist-nicht-nur-der-hammer-sondern-der-ganze-werkzeugkasten\/#primaryimage\"},\"image\":{\"@id\":\"https:\/\/chattycandles.ch\/en\/product\/du-bist-nicht-nur-der-hammer-sondern-der-ganze-werkzeugkasten\/#primaryimage\"},\"thumbnailUrl\":\"https:\/\/chattycandles.ch\/wp-content\/uploads\/image-id-PV31UG.jpg\",\"datePublished\":\"2024-12-19T08:48:54+00:00\",\"breadcrumb\":{\"@id\":\"https:\/\/chattycandles.ch\/en\/product\/du-bist-nicht-nur-der-hammer-sondern-der-ganze-werkzeugkasten\/#breadcrumb\"},\"inLanguage\":\"en-US\",\"potentialAction\":[{\"@type\":\"ReadAction\",\"target\":[\"https:\/\/chattycandles.ch\/en\/product\/du-bist-nicht-nur-der-hammer-sondern-der-ganze-werkzeugkasten\/\"]}]},{\"@type\":\"ImageObject\",\"inLanguage\":\"en-US\",\"@id\":\"https:\/\/chattycandles.ch\/en\/product\/du-bist-nicht-nur-der-hammer-sondern-der-ganze-werkzeugkasten\/#primaryimage\",\"url\":\"https:\/\/chattycandles.ch\/wp-content\/uploads\/image-id-PV31UG.jpg\",\"contentUrl\":\"https:\/\/chattycandles.ch\/wp-content\/uploads\/image-id-PV31UG.jpg\",\"width\":1200,\"height\":1200},{\"@type\":\"BreadcrumbList\",\"@id\":\"https:\/\/chattycandles.ch\/en\/product\/du-bist-nicht-nur-der-hammer-sondern-der-ganze-werkzeugkasten\/#breadcrumb\",\"itemListElement\":[{\"@type\":\"ListItem\",\"position\":1,\"name\":\"Home\",\"item\":\"https:\/\/chattycandles.ch\/en\/\"},{\"@type\":\"ListItem\",\"position\":2,\"name\":\"Shop\",\"item\":\"https:\/\/chattycandles.ch\/en\/shop\/\"},{\"@type\":\"ListItem\",\"position\":3,\"name\":\"Du bist nicht nur der Hammer, sondern der ganze Werkzeugkasten\"}]},{\"@type\":\"WebSite\",\"@id\":\"https:\/\/chattycandles.ch\/#website\",\"url\":\"https:\/\/chattycandles.ch\/\",\"name\":\"ChattyCandles.ch\",\"description\":\"\",\"potentialAction\":[{\"@type\":\"SearchAction\",\"target\":{\"@type\":\"EntryPoint\",\"urlTemplate\":\"https:\/\/chattycandles.ch\/?s={search_term_string}\"},\"query-input\":{\"@type\":\"PropertyValueSpecification\",\"valueRequired\":true,\"valueName\":\"search_term_string\"}}],\"inLanguage\":\"en-US\"}]}<\/script>\n<!-- \/ Yoast SEO plugin. -->","yoast_head_json":{"title":"Du bist nicht nur der Hammer, sondern der ganze Werkzeugkasten - ChattyCandles.ch","robots":{"index":"index","follow":"follow","max-snippet":"max-snippet:-1","max-image-preview":"max-image-preview:large","max-video-preview":"max-video-preview:-1"},"canonical":"https:\/\/chattycandles.ch\/en\/product\/du-bist-nicht-nur-der-hammer-sondern-der-ganze-werkzeugkasten\/","og_locale":"en_US","og_type":"article","og_title":"Du bist nicht nur der Hammer, sondern der ganze Werkzeugkasten - ChattyCandles.ch","og_description":"Handgegossene Soja- und Kokoswachs-Kerze f\u00fcr deinen ganz besonderen Anlass - f\u00fcr dich oder zum Verschenken. Diese Kerze kommt in einer h\u00fcbschen, geschenkfertigen Box und brennt \u00fcber 55 Stunden lang. W\u00e4hle deinen Lieblingsduft oder designe die Botschaft ganz nach deinen W\u00fcnschen.","og_url":"https:\/\/chattycandles.ch\/en\/product\/du-bist-nicht-nur-der-hammer-sondern-der-ganze-werkzeugkasten\/","og_site_name":"ChattyCandles.ch","twitter_card":"summary_large_image","schema":{"@context":"https:\/\/schema.org","@graph":[{"@type":"WebPage","@id":"https:\/\/chattycandles.ch\/en\/product\/du-bist-nicht-nur-der-hammer-sondern-der-ganze-werkzeugkasten\/","url":"https:\/\/chattycandles.ch\/en\/product\/du-bist-nicht-nur-der-hammer-sondern-der-ganze-werkzeugkasten\/","name":"Du bist nicht nur der Hammer, sondern der ganze Werkzeugkasten - ChattyCandles.ch","isPartOf":{"@id":"https:\/\/chattycandles.ch\/#website"},"primaryImageOfPage":{"@id":"https:\/\/chattycandles.ch\/en\/product\/du-bist-nicht-nur-der-hammer-sondern-der-ganze-werkzeugkasten\/#primaryimage"},"image":{"@id":"https:\/\/chattycandles.ch\/en\/product\/du-bist-nicht-nur-der-hammer-sondern-der-ganze-werkzeugkasten\/#primaryimage"},"thumbnailUrl":"https:\/\/chattycandles.ch\/wp-content\/uploads\/image-id-PV31UG.jpg","datePublished":"2024-12-19T08:48:54+00:00","breadcrumb":{"@id":"https:\/\/chattycandles.ch\/en\/product\/du-bist-nicht-nur-der-hammer-sondern-der-ganze-werkzeugkasten\/#breadcrumb"},"inLanguage":"en-US","potentialAction":[{"@type":"ReadAction","target":["https:\/\/chattycandles.ch\/en\/product\/du-bist-nicht-nur-der-hammer-sondern-der-ganze-werkzeugkasten\/"]}]},{"@type":"ImageObject","inLanguage":"en-US","@id":"https:\/\/chattycandles.ch\/en\/product\/du-bist-nicht-nur-der-hammer-sondern-der-ganze-werkzeugkasten\/#primaryimage","url":"https:\/\/chattycandles.ch\/wp-content\/uploads\/image-id-PV31UG.jpg","contentUrl":"https:\/\/chattycandles.ch\/wp-content\/uploads\/image-id-PV31UG.jpg","width":1200,"height":1200},{"@type":"BreadcrumbList","@id":"https:\/\/chattycandles.ch\/en\/product\/du-bist-nicht-nur-der-hammer-sondern-der-ganze-werkzeugkasten\/#breadcrumb","itemListElement":[{"@type":"ListItem","position":1,"name":"Home","item":"https:\/\/chattycandles.ch\/en\/"},{"@type":"ListItem","position":2,"name":"Shop","item":"https:\/\/chattycandles.ch\/en\/shop\/"},{"@type":"ListItem","position":3,"name":"Du bist nicht nur der Hammer, sondern der ganze Werkzeugkasten"}]},{"@type":"WebSite","@id":"https:\/\/chattycandles.ch\/#website","url":"https:\/\/chattycandles.ch\/","name":"ChattyCandles.ch","description":"","potentialAction":[{"@type":"SearchAction","target":{"@type":"EntryPoint","urlTemplate":"https:\/\/chattycandles.ch\/?s={search_term_string}"},"query-input":{"@type":"PropertyValueSpecification","valueRequired":true,"valueName":"search_term_string"}}],"inLanguage":"en-US"}]}},"_links":{"self":[{"href":"https:\/\/chattycandles.ch\/en\/wp-json\/wp\/v2\/product\/11772","targetHints":{"allow":["GET"]}}],"collection":[{"href":"https:\/\/chattycandles.ch\/en\/wp-json\/wp\/v2\/product"}],"about":[{"href":"https:\/\/chattycandles.ch\/en\/wp-json\/wp\/v2\/types\/product"}],"replies":[{"embeddable":true,"href":"https:\/\/chattycandles.ch\/en\/wp-json\/wp\/v2\/comments?post=11772"}],"wp:featuredmedia":[{"embeddable":true,"href":"https:\/\/chattycandles.ch\/en\/wp-json\/wp\/v2\/media\/11333"}],"wp:attachment":[{"href":"https:\/\/chattycandles.ch\/en\/wp-json\/wp\/v2\/media?parent=11772"}],"wp:term":[{"taxonomy":"product_brand","embeddable":true,"href":"https:\/\/chattycandles.ch\/en\/wp-json\/wp\/v2\/product_brand?post=11772"},{"taxonomy":"product_cat","embeddable":true,"href":"https:\/\/chattycandles.ch\/en\/wp-json\/wp\/v2\/product_cat?post=11772"},{"taxonomy":"product_tag","embeddable":true,"href":"https:\/\/chattycandles.ch\/en\/wp-json\/wp\/v2\/product_tag?post=11772"}],"curies":[{"name":"wp","href":"https:\/\/api.w.org\/{rel}","templated":true}]}}