{"id":7553,"date":"2024-10-08T11:36:03","date_gmt":"2024-10-08T11:36:03","guid":{"rendered":"https:\/\/chattycandles.ch\/?page_id=7553"},"modified":"2024-10-08T11:36:32","modified_gmt":"2024-10-08T11:36:32","slug":"imprint","status":"publish","type":"page","link":"https:\/\/chattycandles.ch\/en\/imprint\/","title":{"rendered":"Imprint"},"content":{"rendered":"<h2>Kontakt-Adresse<\/h2>\n<p>Connectrade\u00a0AG<br \/>\nHofstrasse 4<br \/>\n9620 Lichtensteig<br \/>\nSchweiz<\/p>\n<p>+41 44 512 39 90 (Kein Kundendienst &#8211; bitte schreibe uns via E-Mail oder Livechat)<\/p>\n<p><strong>E-Mail:<\/strong><br \/>\ninfo@chattycandles.ch<\/p>\n<h2>Vertretungsberechtigte Personen<\/h2>\n<p>Tim Gerber, Vorsitzender der Gesch\u00e4ftsf\u00fchrung<br \/>\nArjuna Dean, Gesch\u00e4ftsf\u00fchrer<\/p>\n<h2>Handelsregister-Eintrag<\/h2>\n<p>Eingetragener Firmenname: Connectrade<\/p>\n<p>Handelsregister Nr: CH-130.4.026.405-0<\/p>\n<p><strong>Mehrwertsteuer-Nummer<\/strong><\/p>\n<p>CHE-305.615.512<\/p>\n<p><strong>Haftungsausschluss<\/strong><\/p>\n<p>Der Autor \u00fcbernimmt keinerlei Gew\u00e4hr hinsichtlich der inhaltlichen Richtigkeit, Genauigkeit, Aktualit\u00e4t, Zuverl\u00e4ssigkeit und Vollst\u00e4ndigkeit der Informationen.<\/p>\n<p>Haftungsanspr\u00fcche gegen den Autor wegen Sch\u00e4den materieller oder immaterieller Art, welche aus dem Zugriff oder der Nutzung bzw. Nichtnutzung der ver\u00f6ffentlichten Informationen, durch Missbrauch der Verbindung oder durch technische St\u00f6rungen entstanden sind, werden ausgeschlossen.<\/p>\n<p>Alle Angebote sind unverbindlich. Der Autor beh\u00e4lt es sich ausdr\u00fccklich vor, Teile der Seiten oder das gesamte Angebot ohne besondere Ank\u00fcndigung zu ver\u00e4ndern, zu erg\u00e4nzen, zu l\u00f6schen oder die Ver\u00f6ffentlichung zeitweise oder endg\u00fcltig einzustellen.<\/p>\n<p><strong>Haftungsausschluss f\u00fcr Links<\/strong><\/p>\n<p>Verweise und Links auf Webseiten Dritter liegen ausserhalb unseres Verantwortungsbereichs. Es wird jegliche Verantwortung f\u00fcr solche Webseiten abgelehnt. Der Zugriff und die Nutzung solcher Webseiten erfolgen auf eigene Gefahr des jeweiligen Nutzers.<\/p>\n<p><strong>Urheberrechte<\/strong><\/p>\n<p>Die Urheber- und alle anderen Rechte an Inhalten, Bildern, Fotos oder anderen Dateien auf dieser Website, geh\u00f6ren ausschliesslich\u00a0<strong>der Firma Connectrade<\/strong>\u00a0oder den speziell genannten Rechteinhabern. F\u00fcr die Reproduktion jeglicher Elemente ist die schriftliche Zustimmung des Urheberrechtstr\u00e4gers im Voraus einzuholen.<\/p>\n<p><strong>Quelle:<\/strong>\u00a0<a href=\"https:\/\/www.swissanwalt.ch\/impressum-generator.aspx\" target=\"_blank\" rel=\"noopener\">Impressum-Generator von SwissAnwalt<\/a><\/p>\n","protected":false},"excerpt":{"rendered":"<p>Kontakt-Adresse Connectrade\u00a0AG Hofstrasse 4 9620 Lichtensteig Schweiz +41 44 512 39 90 (Kein Kundendienst &#8211; bitte schreibe uns via E-Mail [&hellip;]<\/p>\n","protected":false},"author":4,"featured_media":0,"parent":0,"menu_order":0,"comment_status":"closed","ping_status":"closed","template":"","meta":{"footnotes":""},"class_list":["post-7553","page","type-page","status-publish","hentry"],"yoast_head":"<!-- This site is optimized with the Yoast SEO plugin v24.8 - https:\/\/yoast.com\/wordpress\/plugins\/seo\/ -->\n<title>Imprint - ChattyCandles.ch<\/title>\n<meta name=\"robots\" content=\"index, follow, max-snippet:-1, max-image-preview:large, max-video-preview:-1\" \/>\n<link rel=\"canonical\" href=\"https:\/\/chattycandles.ch\/impressum\/\" \/>\n<meta property=\"og:locale\" content=\"en_US\" \/>\n<meta property=\"og:type\" content=\"article\" \/>\n<meta property=\"og:title\" content=\"Imprint - ChattyCandles.ch\" \/>\n<meta property=\"og:description\" content=\"Kontakt-Adresse Connectrade\u00a0AG Hofstrasse 4 9620 Lichtensteig Schweiz +41 44 512 39 90 (Kein Kundendienst &#8211; bitte schreibe uns via E-Mail [&hellip;]\" \/>\n<meta property=\"og:url\" content=\"https:\/\/chattycandles.ch\/impressum\/\" \/>\n<meta property=\"og:site_name\" content=\"ChattyCandles.ch\" \/>\n<meta property=\"article:modified_time\" content=\"2024-10-08T11:36:32+00:00\" \/>\n<meta name=\"twitter:card\" content=\"summary_large_image\" \/>\n<meta name=\"twitter:label1\" content=\"Est. reading time\" \/>\n\t<meta name=\"twitter:data1\" content=\"1 minute\" \/>\n<script type=\"application\/ld+json\" class=\"yoast-schema-graph\">{\"@context\":\"https:\/\/schema.org\",\"@graph\":[{\"@type\":\"WebPage\",\"@id\":\"https:\/\/chattycandles.ch\/impressum\/\",\"url\":\"https:\/\/chattycandles.ch\/impressum\/\",\"name\":\"Imprint - ChattyCandles.ch\",\"isPartOf\":{\"@id\":\"https:\/\/chattycandles.ch\/#website\"},\"datePublished\":\"2024-10-08T11:36:03+00:00\",\"dateModified\":\"2024-10-08T11:36:32+00:00\",\"breadcrumb\":{\"@id\":\"https:\/\/chattycandles.ch\/impressum\/#breadcrumb\"},\"inLanguage\":\"en-US\",\"potentialAction\":[{\"@type\":\"ReadAction\",\"target\":[\"https:\/\/chattycandles.ch\/impressum\/\"]}]},{\"@type\":\"BreadcrumbList\",\"@id\":\"https:\/\/chattycandles.ch\/impressum\/#breadcrumb\",\"itemListElement\":[{\"@type\":\"ListItem\",\"position\":1,\"name\":\"Home\",\"item\":\"https:\/\/chattycandles.ch\/en\/\"},{\"@type\":\"ListItem\",\"position\":2,\"name\":\"Imprint\"}]},{\"@type\":\"WebSite\",\"@id\":\"https:\/\/chattycandles.ch\/#website\",\"url\":\"https:\/\/chattycandles.ch\/\",\"name\":\"ChattyCandles.ch\",\"description\":\"\",\"potentialAction\":[{\"@type\":\"SearchAction\",\"target\":{\"@type\":\"EntryPoint\",\"urlTemplate\":\"https:\/\/chattycandles.ch\/?s={search_term_string}\"},\"query-input\":{\"@type\":\"PropertyValueSpecification\",\"valueRequired\":true,\"valueName\":\"search_term_string\"}}],\"inLanguage\":\"en-US\"}]}<\/script>\n<!-- \/ Yoast SEO plugin. -->","yoast_head_json":{"title":"Imprint - ChattyCandles.ch","robots":{"index":"index","follow":"follow","max-snippet":"max-snippet:-1","max-image-preview":"max-image-preview:large","max-video-preview":"max-video-preview:-1"},"canonical":"https:\/\/chattycandles.ch\/impressum\/","og_locale":"en_US","og_type":"article","og_title":"Imprint - ChattyCandles.ch","og_description":"Kontakt-Adresse Connectrade\u00a0AG Hofstrasse 4 9620 Lichtensteig Schweiz +41 44 512 39 90 (Kein Kundendienst &#8211; bitte schreibe uns via E-Mail [&hellip;]","og_url":"https:\/\/chattycandles.ch\/impressum\/","og_site_name":"ChattyCandles.ch","article_modified_time":"2024-10-08T11:36:32+00:00","twitter_card":"summary_large_image","twitter_misc":{"Est. reading time":"1 minute"},"schema":{"@context":"https:\/\/schema.org","@graph":[{"@type":"WebPage","@id":"https:\/\/chattycandles.ch\/impressum\/","url":"https:\/\/chattycandles.ch\/impressum\/","name":"Imprint - ChattyCandles.ch","isPartOf":{"@id":"https:\/\/chattycandles.ch\/#website"},"datePublished":"2024-10-08T11:36:03+00:00","dateModified":"2024-10-08T11:36:32+00:00","breadcrumb":{"@id":"https:\/\/chattycandles.ch\/impressum\/#breadcrumb"},"inLanguage":"en-US","potentialAction":[{"@type":"ReadAction","target":["https:\/\/chattycandles.ch\/impressum\/"]}]},{"@type":"BreadcrumbList","@id":"https:\/\/chattycandles.ch\/impressum\/#breadcrumb","itemListElement":[{"@type":"ListItem","position":1,"name":"Home","item":"https:\/\/chattycandles.ch\/en\/"},{"@type":"ListItem","position":2,"name":"Imprint"}]},{"@type":"WebSite","@id":"https:\/\/chattycandles.ch\/#website","url":"https:\/\/chattycandles.ch\/","name":"ChattyCandles.ch","description":"","potentialAction":[{"@type":"SearchAction","target":{"@type":"EntryPoint","urlTemplate":"https:\/\/chattycandles.ch\/?s={search_term_string}"},"query-input":{"@type":"PropertyValueSpecification","valueRequired":true,"valueName":"search_term_string"}}],"inLanguage":"en-US"}]}},"_links":{"self":[{"href":"https:\/\/chattycandles.ch\/en\/wp-json\/wp\/v2\/pages\/7553","targetHints":{"allow":["GET"]}}],"collection":[{"href":"https:\/\/chattycandles.ch\/en\/wp-json\/wp\/v2\/pages"}],"about":[{"href":"https:\/\/chattycandles.ch\/en\/wp-json\/wp\/v2\/types\/page"}],"author":[{"embeddable":true,"href":"https:\/\/chattycandles.ch\/en\/wp-json\/wp\/v2\/users\/4"}],"replies":[{"embeddable":true,"href":"https:\/\/chattycandles.ch\/en\/wp-json\/wp\/v2\/comments?post=7553"}],"version-history":[{"count":1,"href":"https:\/\/chattycandles.ch\/en\/wp-json\/wp\/v2\/pages\/7553\/revisions"}],"predecessor-version":[{"id":7554,"href":"https:\/\/chattycandles.ch\/en\/wp-json\/wp\/v2\/pages\/7553\/revisions\/7554"}],"wp:attachment":[{"href":"https:\/\/chattycandles.ch\/en\/wp-json\/wp\/v2\/media?parent=7553"}],"curies":[{"name":"wp","href":"https:\/\/api.w.org\/{rel}","templated":true}]}}